{"id":32983,"date":"2019-10-27T04:46:48","date_gmt":"2019-10-27T04:46:48","guid":{"rendered":"http:\/\/bursa-dis.com\/?page_id=32983"},"modified":"2019-10-28T09:46:30","modified_gmt":"2019-10-28T09:46:30","slug":"%d9%81%d8%b1%d9%8a%d9%82%d9%86%d8%a7-%d9%85%d8%b3%d8%a7%d8%b9%d8%af","status":"publish","type":"page","link":"https:\/\/bursa-dis.com\/?page_id=32983&lang=ar","title":{"rendered":"\u0641\u0631\u064a\u0642\u0646\u0627 \/ \u0645\u0633\u0627\u0639\u062f"},"content":{"rendered":"<p>[vc_row css=&#8221;.vc_custom_1572255977670{margin-top: 100px !important;}&#8221; el_class=&#8221;ekip&#8221;][vc_column]<div class=\"clearboth\"><\/div><div class=\"gem-divider divider-hidden\" style=\"margin-top: 50px;\"><\/div><div class=\"gem-team row inline-row gem-team-style-4\" data-hover-colors=\"{&quot;background_color&quot;:&quot;#f0f4f6&quot;,&quot;bottom_border_color&quot;:&quot;#3d3950&quot;}\"> <div class=\"col-md-3 col-sm-6 col-xs-12 inline-column\"> <div id=\"post-32827\" class=\"team-person bordered-box centered-box post-32827 thegem_team_person type-thegem_team_person status-publish\" style=\"background-color: #ffffff; border-bottom-color: #ffcd20;\"> <div class=\"team-person-info clearfix\"> <\/div> <\/div> <\/div> <div class=\"col-md-3 col-sm-6 col-xs-12 inline-column\"> <div id=\"post-32543\" class=\"team-person bordered-box centered-box post-32543 thegem_team_person type-thegem_team_person status-publish has-post-thumbnail\" style=\"background-color: #ffffff; border-bottom-color: #ffcd20;\"> <div class=\"team-person-image\"><img loading=\"lazy\" decoding=\"async\" width=\"160\" height=\"160\" src=\"https:\/\/bursa-dis.com\/wp-content\/uploads\/2019\/10\/cigdem-kucuk-thegem-person-160.jpg\" class=\"img-responsive wp-post-image\" alt=\"cigdem-kucuk\" srcset=\"https:\/\/bursa-dis.com\/wp-content\/uploads\/2019\/10\/cigdem-kucuk.jpg 2x\" sizes=\"auto, 100vw\" \/><\/div> <div class=\"team-person-info clearfix\"> <div class=\"team-person-name styled-subtitle\" >Ci\u011fdem K\u00fc\u00e7\u00fckba\u015flar<\/div> <div class=\"team-person-position date-color\" >Asistan<\/div> <div class=\"gem-styled-color-1\"><div class=\"team-person-phone title-h5\"><a href=\"tel:+90(224)%20238%2000%2061\" style=\"color: #00aaf1\">+90(224) 238 00 61<\/a><\/div><\/div> <div class=\"socials team-person-socials socials-colored-hover\"><a title=\"Facebook\" target=\"_blank\" href=\"#\" class=\"socials-item\"><i class=\"socials-item-icon social-item-rounded facebook\"><\/i><\/a><a title=\"Twitter\" target=\"_blank\" href=\"#\" class=\"socials-item\"><i class=\"socials-item-icon social-item-rounded twitter\"><\/i><\/a><a title=\"Instagram\" target=\"_blank\" href=\"#\" class=\"socials-item\"><i class=\"socials-item-icon social-item-rounded instagram\"><\/i><\/a><\/div> <\/div> <\/div> <\/div> <div class=\"col-md-3 col-sm-6 col-xs-12 inline-column\"> <div id=\"post-32544\" class=\"team-person bordered-box centered-box post-32544 thegem_team_person type-thegem_team_person status-publish has-post-thumbnail\" style=\"background-color: #ffffff; border-bottom-color: #ffcd20;\"> <div class=\"team-person-image\"><img loading=\"lazy\" decoding=\"async\" width=\"160\" height=\"160\" src=\"https:\/\/bursa-dis.com\/wp-content\/uploads\/2019\/10\/seydanur-budak-thegem-person-160.jpg\" class=\"img-responsive wp-post-image\" alt=\"seydanur-budak\" srcset=\"https:\/\/bursa-dis.com\/wp-content\/uploads\/2019\/10\/seydanur-budak.jpg 2x\" sizes=\"auto, 100vw\" \/><\/div> <div class=\"team-person-info clearfix\"> <div class=\"team-person-name styled-subtitle\" >\u015eeyda Nur Budak<\/div> <div class=\"team-person-position date-color\" >Asistan<\/div> <div class=\"gem-styled-color-1\"><div class=\"team-person-phone title-h5\"><a href=\"tel:+90(224)%20238%2000%2061\" style=\"color: #00aaf1\">+90(224) 238 00 61<\/a><\/div><\/div> <div class=\"socials team-person-socials socials-colored-hover\"><a title=\"Facebook\" target=\"_blank\" href=\"#\" class=\"socials-item\"><i class=\"socials-item-icon social-item-rounded facebook\"><\/i><\/a><a title=\"Twitter\" target=\"_blank\" href=\"#\" class=\"socials-item\"><i class=\"socials-item-icon social-item-rounded twitter\"><\/i><\/a><a title=\"Instagram\" target=\"_blank\" href=\"#\" class=\"socials-item\"><i class=\"socials-item-icon social-item-rounded instagram\"><\/i><\/a><\/div> <\/div> <\/div> <\/div> <\/div><div class=\"clearboth\"><\/div><div class=\"gem-divider divider-hidden\" style=\"margin-top: 90px;\"><\/div>[\/vc_column][\/vc_row][vc_row full_width=&#8221;stretch_row&#8221; css=&#8221;.vc_custom_1572226663935{margin-bottom: 0px !important;padding-bottom: 0px !important;background-image: url(http:\/\/bursa-dis.com\/wp-content\/uploads\/2019\/10\/mavi.jpg?id=32572) !important;background-position: center !important;background-repeat: no-repeat !important;background-size: cover !important;}&#8221; el_class=&#8221;plane-form&#8221;][vc_column css=&#8221;.vc_custom_1571832130417{padding-top: 0px !important;}&#8221;]<div class=\"clearboth\"><\/div><div class=\"gem-divider divider-hidden\" style=\"margin-top: 77px;\"><\/div>[vc_column_text css_animation=&#8221;bottom-to-top&#8221; css=&#8221;.vc_custom_1572226618310{margin-top: 40px !important;}&#8221;]<\/p>\n<h4 style=\"text-align: center;\"><span style=\"color: #ffffff;\">\u064a\u0645\u0643\u0646\u0643 \u0634\u0631\u0627\u0621 \u0645\u0648\u0639\u062f \u0639\u0628\u0631 \u0627\u0644\u0625\u0646\u062a\u0631\u0646\u062a \u0645\u0646 \u0645\u0648\u0642\u0639\u0646\u0627 \u0627\u0644\u0622\u0646.<br \/>\n<\/span><\/h4>\n<p>[\/vc_column_text][vc_column_text css_animation=&#8221;bottom-to-top&#8221; css=&#8221;.vc_custom_1572226637954{margin-top: -5px !important;margin-bottom: 0px !important;padding-bottom: 40px !important;}&#8221;]<\/p>\n<h1 style=\"text-align: center; padding-bottom: 40px;\"><span style=\"color: #ffffff;\">\u0645\u0648\u0639\u062f \u0639\u0628\u0631 \u0627\u0644\u0625\u0646\u062a\u0631\u0646\u062a<br \/>\n<\/span><\/h1>\n<p>[\/vc_column_text]<div class=\"clearboth\"><\/div><div class=\"gem-divider divider-hidden\" style=\"margin-top: 40px;\"><\/div><div role=\"form\" class=\"wpcf7\" id=\"wpcf7-f33113-o1\" lang=\"tr-TR\" dir=\"ltr\">\n<div class=\"screen-reader-response\"><\/div>\n<form action=\"\/index.php?rest_route=%2Fwp%2Fv2%2Fpages%2F32983#wpcf7-f33113-o1\" method=\"post\" class=\"wpcf7-form gem-contact-form-white\" novalidate=\"novalidate\">\n<div style=\"display: none;\">\n<input type=\"hidden\" name=\"_wpcf7\" value=\"33113\" \/>\n<input type=\"hidden\" name=\"_wpcf7_version\" value=\"5.1.6\" \/>\n<input type=\"hidden\" name=\"_wpcf7_locale\" value=\"tr_TR\" \/>\n<input type=\"hidden\" name=\"_wpcf7_unit_tag\" value=\"wpcf7-f33113-o1\" \/>\n<input type=\"hidden\" name=\"_wpcf7_container_post\" value=\"0\" \/>\n<\/div>\n<div class=\"row anaformrow\">\n<div class=\"col-lg-6 col-md-6\">\n<div class=\"form-group form_icon user mtc_b\">\n               <span class=\"wpcf7-form-control-wrap isim\"><input type=\"text\" name=\"isim\" value=\"\" size=\"40\" class=\"wpcf7-form-control wpcf7-text wpcf7-validates-as-required\" aria-required=\"true\" aria-invalid=\"false\" placeholder=\"\u0627\u0633\u0645*\" \/><\/span>\n            <\/div>\n<div class=\"form-group form_icon dial_pad mtc_b\">\n               <span class=\"wpcf7-form-control-wrap Telefon\"><input type=\"tel\" name=\"Telefon\" value=\"\" size=\"40\" class=\"wpcf7-form-control wpcf7-text wpcf7-tel wpcf7-validates-as-required wpcf7-validates-as-tel\" aria-required=\"true\" aria-invalid=\"false\" placeholder=\"\u0647\u0627\u062a\u0641*\" \/><\/span>\n            <\/div>\n<div class=\"form-group form_icon dial_pad mtc_b\">\n<span class=\"wpcf7-form-control-wrap rantarih\"><input type=\"date\" name=\"rantarih\" value=\"\u062a\u0627\u0631\u064a\u062e*\" class=\"wpcf7-form-control wpcf7-date wpcf7-validates-as-required wpcf7-validates-as-date\" min=\"2019-10-25\" aria-required=\"true\" aria-invalid=\"false\" \/><\/span>\n            <\/div><\/div>\n<div class=\"col-lg-6 col-md-6\">\n<div class=\"form-group form_icon user mtc_b\">\n               <span class=\"wpcf7-form-control-wrap Soyisim\"><input type=\"text\" name=\"Soyisim\" value=\"\" size=\"40\" class=\"wpcf7-form-control wpcf7-text\" aria-invalid=\"false\" placeholder=\"\u0627\u0633\u0645 \u0627\u0644\u0639\u0627\u0626\u0644\u0629\" \/><\/span>\n            <\/div>\n<div class=\"form-group form_icon mail mtc_b\">\n               <span class=\"wpcf7-form-control-wrap Posta\"><input type=\"email\" name=\"Posta\" value=\"\" size=\"40\" class=\"wpcf7-form-control wpcf7-text wpcf7-email wpcf7-validates-as-required wpcf7-validates-as-email\" aria-required=\"true\" aria-invalid=\"false\" placeholder=\"\u0639\u0646\u0648\u0627\u0646 \u0627\u0644\u0628\u0631\u064a\u062f \u0627\u0644\u0625\u0644\u0643\u062a\u0631\u0648\u0646\u064a*\" \/><\/span>\n            <\/div>\n<div class=\"form-group form_icon mail mtc_b\">\n<span class=\"wpcf7-form-control-wrap saat\"><select name=\"saat\" class=\"wpcf7-form-control wpcf7-select wpcf7-validates-as-required ayarver\" aria-required=\"true\" aria-invalid=\"false\"><option value=\"09:00\">09:00<\/option><option value=\"10:00\">10:00<\/option><option value=\"11:00\">11:00<\/option><option value=\"12:00\">12:00<\/option><option value=\"13:00\">13:00<\/option><option value=\"14:00\">14:00<\/option><option value=\"15:00\">15:00<\/option><option value=\"16:00\">16:00<\/option><option value=\"17:00\">17:00<\/option><option value=\"18:00\">18:00<\/option><\/select><\/span>   <\/div><\/div>\n<\/div>\n<p class=\"mesalan\">\u0631\u0633\u0627\u0644\u062a\u0643 <span class=\"wpcf7-form-control-wrap mesaj\"><textarea name=\"mesaj\" cols=\"40\" rows=\"10\" class=\"wpcf7-form-control wpcf7-textarea\" aria-invalid=\"false\"><\/textarea><\/span> <\/p>\n<p class=\"anaform\">\u0633\u0624\u0627\u0644* <span class=\"wpcf7-form-control-wrap quiz-3\"><label><span class=\"wpcf7-quiz-label\">10-2=?<\/span> <input type=\"text\" name=\"quiz-3\" size=\"40\" class=\"wpcf7-form-control wpcf7-quiz\" autocomplete=\"off\" aria-required=\"true\" aria-invalid=\"false\" \/><\/label><input type=\"hidden\" name=\"_wpcf7_quiz_answer_quiz-3\" value=\"9cf7830105c5552acb26dd57d26344c0\" \/><\/span> <\/p>\n<div class=\"gem-button-container gem-button-position-center\"><input class=\"gem-button gem-button-size-medium gem-button-style-outline gem-button-text-weight-normal gem-button-border-3 wpcf7-form-control wpcf7-submit anarand gem-button-wpcf-custom\" style=\"border-radius: 3px;border-color: #e77817;color: #e77817;\" onmouseleave=\"this.style.borderColor='#e77817';this.style.backgroundColor='transparent';this.style.color='#e77817';\" onmouseenter=\"this.style.backgroundColor='#e77817';this.style.color='#fff';\" id=\"\" tabindex=\"\" type=\"submit\" value=\"\u062a\u062d\u062f\u064a\u062f \u0645\u0648\u0639\u062f\" \/><\/div>\n<div class=\"wpcf7-response-output wpcf7-display-none\"><\/div><\/form><\/div><div class=\"clearboth\"><\/div><div class=\"gem-divider divider-hidden\" style=\"margin-top: 95px;\"><\/div>[\/vc_column][\/vc_row]<\/p>\n","protected":false},"excerpt":{"rendered":"<p>[vc_row css=&#8221;.vc_custom_1572255977670{margin-top: 100px !important;}&#8221; el_class=&#8221;ekip&#8221;][vc_column][\/vc_column][\/vc_row][vc_row full_width=&#8221;stretch_row&#8221; css=&#8221;.vc_custom_1572226663935{margin-bottom: 0px !important;padding-bottom: 0px !important;background-image: url(http:\/\/bursa-dis.com\/wp-content\/uploads\/2019\/10\/mavi.jpg?id=32572) !important;background-position: center !important;background-repeat:&#8230;<\/p>\n","protected":false},"author":1,"featured_media":0,"parent":32966,"menu_order":0,"comment_status":"closed","ping_status":"closed","template":"","meta":{"footnotes":""},"class_list":["post-32983","page","type-page","status-publish"],"_links":{"self":[{"href":"https:\/\/bursa-dis.com\/index.php?rest_route=\/wp\/v2\/pages\/32983","targetHints":{"allow":["GET"]}}],"collection":[{"href":"https:\/\/bursa-dis.com\/index.php?rest_route=\/wp\/v2\/pages"}],"about":[{"href":"https:\/\/bursa-dis.com\/index.php?rest_route=\/wp\/v2\/types\/page"}],"author":[{"embeddable":true,"href":"https:\/\/bursa-dis.com\/index.php?rest_route=\/wp\/v2\/users\/1"}],"replies":[{"embeddable":true,"href":"https:\/\/bursa-dis.com\/index.php?rest_route=%2Fwp%2Fv2%2Fcomments&post=32983"}],"version-history":[{"count":4,"href":"https:\/\/bursa-dis.com\/index.php?rest_route=\/wp\/v2\/pages\/32983\/revisions"}],"predecessor-version":[{"id":33247,"href":"https:\/\/bursa-dis.com\/index.php?rest_route=\/wp\/v2\/pages\/32983\/revisions\/33247"}],"up":[{"embeddable":true,"href":"https:\/\/bursa-dis.com\/index.php?rest_route=\/wp\/v2\/pages\/32966"}],"wp:attachment":[{"href":"https:\/\/bursa-dis.com\/index.php?rest_route=%2Fwp%2Fv2%2Fmedia&parent=32983"}],"curies":[{"name":"wp","href":"https:\/\/api.w.org\/{rel}","templated":true}]}}