{"id":32791,"date":"2019-10-25T00:58:51","date_gmt":"2019-10-25T00:58:51","guid":{"rendered":"http:\/\/bursa-dis.com\/?page_id=32791"},"modified":"2019-10-28T09:06:05","modified_gmt":"2019-10-28T09:06:05","slug":"online-randevu","status":"publish","type":"page","link":"https:\/\/bursa-dis.com\/?page_id=32791","title":{"rendered":"Online Randevu"},"content":{"rendered":"<p>[vc_row][vc_column]<div class=\"clearboth\"><\/div><div class=\"gem-divider divider-hidden\" style=\"margin-top: 40px;\"><\/div>[vc_text_separator title_level=&#8221;h3&#8243; title=&#8221;Formu doldurarak hemen randevu alabilirsiniz.&#8221; title_align=&#8221;separator_align_left&#8221; align=&#8221;align_left&#8221; color=&#8221;orange&#8221; border_width=&#8221;3&#8243; css_animation=&#8221;bottom-to-top&#8221;]<div class=\"clearboth\"><\/div><div class=\"gem-divider \" style=\"margin-top: 30px;\"><\/div><div role=\"form\" class=\"wpcf7\" id=\"wpcf7-f32792-o1\" lang=\"tr-TR\" dir=\"ltr\">\n<div class=\"screen-reader-response\"><\/div>\n<form action=\"\/index.php?rest_route=%2Fwp%2Fv2%2Fpages%2F32791#wpcf7-f32792-o1\" method=\"post\" class=\"wpcf7-form\" novalidate=\"novalidate\">\n<div style=\"display: none;\">\n<input type=\"hidden\" name=\"_wpcf7\" value=\"32792\" \/>\n<input type=\"hidden\" name=\"_wpcf7_version\" value=\"5.1.6\" \/>\n<input type=\"hidden\" name=\"_wpcf7_locale\" value=\"tr_TR\" \/>\n<input type=\"hidden\" name=\"_wpcf7_unit_tag\" value=\"wpcf7-f32792-o1\" \/>\n<input type=\"hidden\" name=\"_wpcf7_container_post\" value=\"0\" \/>\n<\/div>\n<div class=\"row anaformrow\">\n<div class=\"col-lg-6 col-md-6\">\n<div class=\"form-group form_icon user mtc_b\">\n               <span class=\"wpcf7-form-control-wrap isim\"><input type=\"text\" name=\"isim\" value=\"\" size=\"40\" class=\"wpcf7-form-control wpcf7-text wpcf7-validates-as-required\" aria-required=\"true\" aria-invalid=\"false\" placeholder=\"\u0130sim*\" \/><\/span>\n            <\/div>\n<div class=\"form-group form_icon dial_pad mtc_b\">\n               <span class=\"wpcf7-form-control-wrap Telefon\"><input type=\"tel\" name=\"Telefon\" value=\"\" size=\"40\" class=\"wpcf7-form-control wpcf7-text wpcf7-tel wpcf7-validates-as-required wpcf7-validates-as-tel\" aria-required=\"true\" aria-invalid=\"false\" placeholder=\"Telefon*\" \/><\/span>\n            <\/div>\n<div class=\"form-group form_icon dial_pad mtc_b\">\n<span class=\"wpcf7-form-control-wrap rantarih\"><input type=\"date\" name=\"rantarih\" value=\"Tarih*\" class=\"wpcf7-form-control wpcf7-date wpcf7-validates-as-required wpcf7-validates-as-date\" min=\"2019-10-25\" aria-required=\"true\" aria-invalid=\"false\" \/><\/span>\n            <\/div><\/div>\n<div class=\"col-lg-6 col-md-6\">\n<div class=\"form-group form_icon user mtc_b\">\n               <span class=\"wpcf7-form-control-wrap Soyisim\"><input type=\"text\" name=\"Soyisim\" value=\"\" size=\"40\" class=\"wpcf7-form-control wpcf7-text\" aria-invalid=\"false\" placeholder=\"Soyisim\" \/><\/span>\n            <\/div>\n<div class=\"form-group form_icon mail mtc_b\">\n               <span class=\"wpcf7-form-control-wrap Posta\"><input type=\"email\" name=\"Posta\" value=\"\" size=\"40\" class=\"wpcf7-form-control wpcf7-text wpcf7-email wpcf7-validates-as-required wpcf7-validates-as-email\" aria-required=\"true\" aria-invalid=\"false\" placeholder=\"E-Posta*\" \/><\/span>\n            <\/div>\n<div class=\"form-group form_icon mail mtc_b\">\n<span class=\"wpcf7-form-control-wrap saat\"><select name=\"saat\" class=\"wpcf7-form-control wpcf7-select wpcf7-validates-as-required ayarver\" aria-required=\"true\" aria-invalid=\"false\"><option value=\"09:00\">09:00<\/option><option value=\"10:00\">10:00<\/option><option value=\"11:00\">11:00<\/option><option value=\"12:00\">12:00<\/option><option value=\"13:00\">13:00<\/option><option value=\"14:00\">14:00<\/option><option value=\"15:00\">15:00<\/option><option value=\"16:00\">16:00<\/option><option value=\"17:00\">17:00<\/option><option value=\"18:00\">18:00<\/option><\/select><\/span>   <\/div><\/div>\n<\/div>\n<p class=\"mesalan\">Mesaj\u0131n\u0131z <span class=\"wpcf7-form-control-wrap mesaj\"><textarea name=\"mesaj\" cols=\"40\" rows=\"10\" class=\"wpcf7-form-control wpcf7-textarea\" aria-invalid=\"false\"><\/textarea><\/span> <\/p>\n<p class=\"anaform\">Soru* <span class=\"wpcf7-form-control-wrap quiz-3\"><label><span class=\"wpcf7-quiz-label\">7+9=?<\/span> <input type=\"text\" name=\"quiz-3\" size=\"40\" class=\"wpcf7-form-control wpcf7-quiz\" autocomplete=\"off\" aria-required=\"true\" aria-invalid=\"false\" \/><\/label><input type=\"hidden\" name=\"_wpcf7_quiz_answer_quiz-3\" value=\"100852ba2868a808f795be19dc472d2f\" \/><\/span> <\/p>\n<p><input type=\"submit\" value=\"Randevu Al\" class=\"wpcf7-form-control wpcf7-submit anarand\" \/><\/p>\n<div class=\"wpcf7-response-output wpcf7-display-none\"><\/div><\/form><\/div><div class=\"socials socials-list socials-colored-hover socials-rounded socials-alignment-center\"><a class=\"socials-item\" target=\"_blank\" href=\"https:\/\/www.facebook.com\/%C3%96zel-Bursa-A%C4%9Fiz-Ve-Di%C5%9F-Sa%C4%9Fli%C4%9Fi-Poliklini%C4%9Fi-988480744544534\/\" style=\"color: #363545;\"><i class=\"socials-item-icon facebook\" style=\"font-size: 33px\"><\/i><\/a><a class=\"socials-item\" target=\"_blank\" href=\"https:\/\/www.instagram.com\/ozelbursadis\/\" style=\"color: #363545;\"><i class=\"socials-item-icon instagram\" style=\"font-size: 33px\"><\/i><\/a><a class=\"socials-item\" target=\"_blank\" href=\"#\" style=\"color: #363545;\"><i class=\"socials-item-icon youtube\" style=\"font-size: 33px\"><\/i><\/a><\/div><div class=\"clearboth\"><\/div><div class=\"gem-divider divider-hidden\" style=\"margin-top: 80px;\"><\/div><div class=\"clearboth\"><\/div><div class=\"gem-divider \" style=\"margin-top: 50px;\"><\/div>[\/vc_column][\/vc_row][vc_row full_width=&#8221;stretch_row&#8221; css=&#8221;.vc_custom_1572007548522{background-color: #e67817 !important;}&#8221;][vc_column]<div class=\"gem-textbox\" ><div class=\"gem-textbox-inner\" style=\"\"><div class=\"gem-textbox-content\" style=\"background-repeat: no-repeat; background-size: cover;background-position: center top;\"><div class=\"gem-alert-box\"><div class=\"gem-alert-inner\"><div class=\"gem-alert-box-picture\"><div class=\"gem-icon gem-icon-pack-material gem-icon-size-small  gem-icon-shape-square gem-simple-icon\" style=\"opacity: 1;\"><div class=\"gem-icon-inner\" style=\"\"><span class=\"gem-icon-half-1\" style=\"\"><span class=\"back-angle\">&#xf287;<\/span><\/span><span class=\"gem-icon-half-2\" style=\"\"><span class=\"back-angle\">&#xf287;<\/span><\/span><\/div><\/div><\/div><div class=\"gem-alert-box-content\">[vc_column_text]<\/p>\n<h5><span style=\"color: #ffffff;\">Hala akl\u0131n\u0131zda tak\u0131lan sorular varsa bize sorabilirsiniz.<\/span><\/h5>\n<p>[\/vc_column_text]<\/div><div class=\"gem-alert-box-buttons\"><div class=\"gem-button-container gem-button-position-center\"><a title=\"Doktora Soru Sor\" class=\"gem-button gem-button-size-medium gem-button-style-flat gem-button-text-weight-normal\" style=\"border-radius: 3px;background-color: #ffffff;color: #e67817;\" onmouseleave=\"this.style.backgroundColor='#ffffff';this.style.color='#e67817';\" onmouseenter=\"this.style.backgroundColor='#1fe05f';this.style.color='#ffffff';\" href=\"http:\/\/bursa-dis.com\/soru-sor\/\" target=\"_self\">Soru Sor<\/a><\/div> <\/div><\/div><\/div><\/div><\/div><\/div>[\/vc_column][\/vc_row][vc_row full_width=&#8221;stretch_row&#8221; css=&#8221;.vc_custom_1546603653135{margin-bottom: 0px !important;background-image: url(http:\/\/bursa-dis.com\/wp-content\/uploads\/2019\/01\/2-4.jpg?id=410) !important;background-position: center !important;background-repeat: no-repeat !important;background-size: cover !important;}&#8221;][vc_column]<div class=\"clearboth\"><\/div><div class=\"gem-divider divider-hidden\" style=\"margin-top: 100px;\"><\/div>[vc_column_text css_animation=&#8221;bottom-to-top&#8221;]<\/p>\n<div class=\"title-h1\" style=\"text-align: center;\">\u0130LET\u0130\u015e\u0130M B\u0130LG\u0130LER\u0130<\/div>\n<p>[\/vc_column_text]<div class=\"clearboth\"><\/div><div class=\"gem-divider divider-hidden\" style=\"margin-top: 100px;\"><\/div>[vc_row_inner][vc_column_inner width=&#8221;1\/3&#8243;]<div class=\"lazy-loading\" data-ll-item-delay=\"0\"><div class=\"gem-textbox lazy-loading-item\"  data-ll-effect=\"move-up\"><div class=\"gem-textbox-inner\" style=\"border: 1px solid #dfe5e8;\"><div class=\"gem-textbox-content\" style=\"background-color: #ffffff;background-position: center top;\"><div class=\"clearboth\"><\/div><div class=\"gem-divider \" style=\"margin-top: 17px;\"><\/div><div class=\"centered-box\"><div class=\"gem-icon gem-icon-pack-material gem-icon-size-medium  gem-icon-shape-circle\" style=\"border-color: #f0f0f4;opacity: 1;\"><div class=\"gem-icon-inner\" style=\"background-color: #f0f0f4;\"><span class=\"gem-icon-half-1\" style=\"color: #00aaf1;\"><span class=\"back-angle\">&#xf3e4;<\/span><\/span><span class=\"gem-icon-half-2\" style=\"color: #00aaf1;\"><span class=\"back-angle\">&#xf3e4;<\/span><\/span><\/div><\/div><\/div><div class=\"clearboth\"><\/div><div class=\"gem-divider \" style=\"margin-top: 45px;\"><\/div>[vc_column_text]<\/p>\n<div class=\"title-h5\" style=\"text-align: center;\">adresimiz<\/div>\n<p>[\/vc_column_text][vc_separator color=&#8221;orange&#8221; el_width=&#8221;20&#8243; css=&#8221;.vc_custom_1546600699948{margin-top: 22px !important;margin-bottom: 20px !important;}&#8221;][vc_column_text css_animation=&#8221;none&#8221;]<\/p>\n<p style=\"text-align: center;\">Dikkald\u0131r\u0131m Cd. No:58\/BZ<br \/>\nOsmangazi \/ BURSA<\/p>\n<p>[\/vc_column_text]<div class=\"clearboth\"><\/div><div class=\"gem-divider \" style=\"margin-top: 35px;\"><\/div><\/div><\/div><\/div><\/div>[\/vc_column_inner][vc_column_inner width=&#8221;1\/3&#8243;]<div class=\"lazy-loading\" data-ll-item-delay=\"0\"><div class=\"gem-textbox lazy-loading-item\"  data-ll-effect=\"move-up\"><div class=\"gem-textbox-inner\" style=\"border: 1px solid #dfe5e8;\"><div class=\"gem-textbox-content\" style=\"background-color: #ffffff;background-position: center top;\"><div class=\"clearboth\"><\/div><div class=\"gem-divider \" style=\"margin-top: 17px;\"><\/div><div class=\"centered-box\"><div class=\"gem-icon gem-icon-pack-material gem-icon-size-medium  gem-icon-shape-circle\" style=\"border-color: #f0f0f4;opacity: 1;\"><div class=\"gem-icon-inner\" style=\"background-color: #f0f0f4;\"><span class=\"gem-icon-half-1\" style=\"color: #00aaf1;\"><span class=\"back-angle\">&#xf477;<\/span><\/span><span class=\"gem-icon-half-2\" style=\"color: #00aaf1;\"><span class=\"back-angle\">&#xf477;<\/span><\/span><\/div><\/div><\/div><div class=\"clearboth\"><\/div><div class=\"gem-divider \" style=\"margin-top: 45px;\"><\/div>[vc_column_text]<\/p>\n<div class=\"title-h5\" style=\"text-align: center;\">\u0130leti\u015fim numaralar\u0131<\/div>\n<p>[\/vc_column_text][vc_separator color=&#8221;orange&#8221; el_width=&#8221;20&#8243; css=&#8221;.vc_custom_1546600708274{margin-top: 22px !important;margin-bottom: 20px !important;}&#8221;][vc_column_text css_animation=&#8221;none&#8221;]<\/p>\n<p style=\"text-align: center;\">Telefon: +90(224) 238 00 61<br \/>\nTelefon: +90(532) 136 89 79[\/vc_column_text]<div class=\"clearboth\"><\/div><div class=\"gem-divider \" style=\"margin-top: 35px;\"><\/div><\/div><\/div><\/div><\/div>[\/vc_column_inner][vc_column_inner width=&#8221;1\/3&#8243;]<div class=\"lazy-loading\" data-ll-item-delay=\"0\"><div class=\"gem-textbox lazy-loading-item\"  data-ll-effect=\"move-up\"><div class=\"gem-textbox-inner\" style=\"border: 1px solid #dfe5e8;\"><div class=\"gem-textbox-content\" style=\"background-color: #ffffff;background-position: center top;\"><div class=\"clearboth\"><\/div><div class=\"gem-divider \" style=\"margin-top: 17px;\"><\/div><div class=\"centered-box\"><div class=\"gem-icon gem-icon-pack-material gem-icon-size-medium  gem-icon-shape-circle\" style=\"border-color: #f0f0f4;opacity: 1;\"><div class=\"gem-icon-inner\" style=\"background-color: #f0f0f4;\"><span class=\"gem-icon-half-1\" style=\"color: #00aaf1;\"><span class=\"back-angle\">&#xf221;<\/span><\/span><span class=\"gem-icon-half-2\" style=\"color: #00aaf1;\"><span class=\"back-angle\">&#xf221;<\/span><\/span><\/div><\/div><\/div><div class=\"clearboth\"><\/div><div class=\"gem-divider \" style=\"margin-top: 45px;\"><\/div>[vc_column_text]<\/p>\n<div class=\"title-h5\" style=\"text-align: center;\">\u00e7al\u0131\u015fma saatleri<\/div>\n<p>[\/vc_column_text][vc_separator color=&#8221;orange&#8221; el_width=&#8221;20&#8243; css=&#8221;.vc_custom_1546600716857{margin-top: 22px !important;margin-bottom: 20px !important;}&#8221;][vc_column_text]<\/p>\n<p style=\"text-align: center;\">Pazartesi-Cuma: 9:00 \u2013 18:00<br \/>\nCumartesi: 11:00 \u2013 17:00<br \/>\nPazar: Kapal\u0131[\/vc_column_text]<div class=\"clearboth\"><\/div><div class=\"gem-divider \" style=\"margin-top: 35px;\"><\/div><\/div><\/div><\/div><\/div>[\/vc_column_inner][\/vc_row_inner]<div class=\"clearboth\"><\/div><div class=\"gem-divider \" style=\"margin-top: 60px;\"><\/div><div class=\"gem-map-with-text\"><div class=\"gem-map-with-text-content\" style=\"\"><\/div><div class=\"gem-map-with-text-map grayscale\">[vc_gmaps link=\"#E-8_JTNDaWZyYW1lJTIwc3JjJTNEJTIyaHR0cHMlM0ElMkYlMkZ3d3cuZ29vZ2xlLmNvbSUyRm1hcHMlMkZlbWJlZCUzRnBiJTNEJTIxMW0xOCUyMTFtMTIlMjExbTMlMjExZDc2MS44MDYzMDI1NTcyMDQ4JTIxMmQyOS4wMTA4Njc4MjkyMTcwMzclMjEzZDQwLjIwNDA1MzAyMjk4MTI1NiUyMTJtMyUyMTFmMCUyMTJmMCUyMTNmMCUyMTNtMiUyMTFpMTAyNCUyMTJpNzY4JTIxNGYxMy4xJTIxM20zJTIxMW0yJTIxMXMweDAlMjUzQTB4MCUyMTJ6TkREQ3NERXlKekUwTGpZaVRpQXlPY0t3TURBbk5ERXVNU0pGJTIxNWUwJTIxM20yJTIxMXN0ciUyMTJzdHIlMjE0djE1NzE5MjAzMzQ4NzAlMjE1bTIlMjExc3RyJTIxMnN0ciUyMiUyMHdpZHRoJTNEJTIyNjAwJTIyJTIwaGVpZ2h0JTNEJTIyNDUwJTIyJTIwZnJhbWVib3JkZXIlM0QlMjIwJTIyJTIwc3R5bGUlM0QlMjJib3JkZXIlM0EwJTNCJTIyJTIwYWxsb3dmdWxsc2NyZWVuJTNEJTIyJTIyJTNFJTNDJTJGaWZyYW1lJTNF\" size=\"566\" disable_scroll=\"\"]<\/div><\/div><div class=\"clearboth\"><\/div><div class=\"gem-divider \" style=\"margin-top: 40px;\"><\/div>[\/vc_column][\/vc_row]<\/p>\n","protected":false},"excerpt":{"rendered":"<p>[vc_row][vc_column][vc_text_separator title_level=&#8221;h3&#8243; title=&#8221;Formu doldurarak hemen randevu alabilirsiniz.&#8221; title_align=&#8221;separator_align_left&#8221; align=&#8221;align_left&#8221; color=&#8221;orange&#8221; border_width=&#8221;3&#8243; css_animation=&#8221;bottom-to-top&#8221;][\/vc_column][\/vc_row][vc_row full_width=&#8221;stretch_row&#8221; css=&#8221;.vc_custom_1572007548522{background-color: #e67817&#8230;<\/p>\n","protected":false},"author":1,"featured_media":0,"parent":0,"menu_order":0,"comment_status":"closed","ping_status":"closed","template":"","meta":{"footnotes":""},"class_list":["post-32791","page","type-page","status-publish"],"_links":{"self":[{"href":"https:\/\/bursa-dis.com\/index.php?rest_route=\/wp\/v2\/pages\/32791","targetHints":{"allow":["GET"]}}],"collection":[{"href":"https:\/\/bursa-dis.com\/index.php?rest_route=\/wp\/v2\/pages"}],"about":[{"href":"https:\/\/bursa-dis.com\/index.php?rest_route=\/wp\/v2\/types\/page"}],"author":[{"embeddable":true,"href":"https:\/\/bursa-dis.com\/index.php?rest_route=\/wp\/v2\/users\/1"}],"replies":[{"embeddable":true,"href":"https:\/\/bursa-dis.com\/index.php?rest_route=%2Fwp%2Fv2%2Fcomments&post=32791"}],"version-history":[{"count":2,"href":"https:\/\/bursa-dis.com\/index.php?rest_route=\/wp\/v2\/pages\/32791\/revisions"}],"predecessor-version":[{"id":33227,"href":"https:\/\/bursa-dis.com\/index.php?rest_route=\/wp\/v2\/pages\/32791\/revisions\/33227"}],"wp:attachment":[{"href":"https:\/\/bursa-dis.com\/index.php?rest_route=%2Fwp%2Fv2%2Fmedia&parent=32791"}],"curies":[{"name":"wp","href":"https:\/\/api.w.org\/{rel}","templated":true}]}}