{"id":32385,"date":"2018-12-28T14:15:33","date_gmt":"2018-12-28T14:15:33","guid":{"rendered":"http:\/\/democontent.codex-themes.com\/sites\/logistics\/?page_id=44"},"modified":"2019-10-28T09:05:03","modified_gmt":"2019-10-28T09:05:03","slug":"sikca-sorulan-sorular","status":"publish","type":"page","link":"https:\/\/bursa-dis.com\/?page_id=32385","title":{"rendered":"S\u0131k\u00e7a Sorulan Sorular"},"content":{"rendered":"<p>[vc_row css=&#8221;.vc_custom_1553175862667{margin-bottom: 30px !important;}&#8221;][vc_column width=&#8221;2\/3&#8243;]<div class=\"clearboth\"><\/div><div class=\"gem-divider \" style=\"margin-top: 25px;\"><\/div>[vc_tta_accordion style=&#8221;simple_solid&#8221; active_section=&#8221;1&#8243;][vc_tta_section title=&#8221;Di\u015fler neden sarar\u0131r?&#8221; tab_id=&#8221;disler-neden-sararir&#8221;][vc_column_text]<\/p>\n<div id=\"ui-id-2\" class=\"ui-accordion-content ui-corner-bottom ui-helper-reset ui-widget-content ui-accordion-content-active\" role=\"tabpanel\" aria-labelledby=\"ui-id-1\" aria-hidden=\"false\">Bazen di\u015flerimize \u00f6zen g\u00f6stermemize ra\u011fmen rengi istedi\u011fimiz beyazl\u0131kta olmayabilir. Genellikle daha \u00f6nce kullan\u0131lm\u0131\u015f antibiyotikler, eski kaplamalar ya da ya\u015fl\u0131l\u0131\u011fa ba\u011fl\u0131 sararmalarda , do\u011fu\u015ftan olan sar\u0131l\u0131klar g\u00f6zlemlenebilir.<\/div>\n<p>[\/vc_column_text][\/vc_tta_section][vc_tta_section title=&#8221;Di\u015f beyazlatma i\u015flemi g\u00fcvenli midir?&#8221; tab_id=&#8221;dis-beyazlatma-islemi-guvenli-midir&#8221;][vc_column_text]<\/p>\n<div id=\"ui-id-4\" class=\"ui-accordion-content ui-corner-bottom ui-helper-reset ui-widget-content ui-accordion-content-active\" role=\"tabpanel\" aria-labelledby=\"ui-id-3\" aria-hidden=\"false\">Yap\u0131lan ara\u015ft\u0131rmalar ve mikroskopik \u00e7al\u0131\u015fmalar 10%\u2019luk ev beyazlatma sol\u00fcsyonunun uzun d\u00f6nemde kullan\u0131m\u0131nda zarar olmad\u0131\u011f\u0131n\u0131 g\u00f6stermi\u015ftir.<\/div>\n<p>[\/vc_column_text][\/vc_tta_section][vc_tta_section title=&#8221;Porselen lamina nedir?&#8221; tab_id=&#8221;porselen-lamina-nedir&#8221;][vc_column_text]<\/p>\n<div id=\"ui-id-6\" class=\"ui-accordion-content ui-corner-bottom ui-helper-reset ui-widget-content ui-accordion-content-active\" role=\"tabpanel\" aria-labelledby=\"ui-id-5\" aria-hidden=\"false\">Porselen lamina di\u015flerin \u00f6n y\u00fczeylerine yap\u0131\u015ft\u0131r\u0131lan porselen yapraklard\u0131r (0,3,- 0,7 mm). I\u015f\u0131k ge\u00e7irgenli\u011fi do\u011fal di\u015fi taklit eden laminalar, di\u015flerin \u015fekil ve renklerini \u00e7ok k\u0131sa s\u00fcrede d\u00fczeltebilen en estetik tedavi \u015feklidir.<\/div>\n<p>[\/vc_column_text][\/vc_tta_section][vc_tta_section title=&#8221;Hangi durumlarda porselen lamina uygulan\u0131r?&#8221; tab_id=&#8221;hangi-durumlarda-porselen-lamina-uygulan\u0131r&#8221;][vc_column_text]<\/p>\n<div id=\"ui-id-6\" class=\"ui-accordion-content ui-corner-bottom ui-helper-reset ui-widget-content ui-accordion-content-active\" role=\"tabpanel\" aria-labelledby=\"ui-id-5\" aria-hidden=\"false\">\n<div class=\"gorusler\">\n<div class=\"right\">\n<div id=\"accordion\" class=\"ui-accordion ui-widget ui-helper-reset\" role=\"tablist\">\n<div id=\"ui-id-8\" class=\"ui-accordion-content ui-corner-bottom ui-helper-reset ui-widget-content ui-accordion-content-active\" role=\"tabpanel\" aria-labelledby=\"ui-id-7\" aria-hidden=\"false\">Porselen lamina di\u015f \u015fekillerini be\u011fenmeyen ki\u015filere yap\u0131labilir.\u00d6n b\u00f6lgedeki ileri di\u015f renkle\u015fmeleri olan ki\u015filere (tetrasiklin renkle\u015fmesi, ileri derecedeki sararmalar vs. ) yap\u0131labilir.<\/div>\n<\/div>\n<\/div>\n<\/div>\n<\/div>\n<p>[\/vc_column_text][\/vc_tta_section][\/vc_tta_accordion][\/vc_column][vc_column width=&#8221;1\/3&#8243;][vc_column_text css_animation=&#8221;bottom-to-top&#8221; css=&#8221;.vc_custom_1572007417532{padding-top: 25px !important;}&#8221;]<\/p>\n<div class=\"title-h5\">SIK\u00c7A SORULAN SORULAR NE \u0130\u015eE YARAR?<\/div>\n<p>[\/vc_column_text]<div class=\"clearboth\"><\/div><div class=\"gem-divider \" style=\"margin-top: 40px;\"><\/div>[vc_column_text css_animation=&#8221;bottom-to-top&#8221;]S\u0131k\u00e7a Sorulan Sorular sayfam\u0131zda akl\u0131n\u0131za tak\u0131lan sorular\u0131n cevaplar\u0131n\u0131 bulabileceksiniz. Ayr\u0131ca merak etti\u011finiz tedavi y\u00f6ntemleri hakk\u0131nda bilgi edinip, bu tedavi y\u00f6ntemlerinin uyguland\u0131\u011f\u0131 hastalar\u0131m\u0131z\u0131n yorumlar\u0131n\u0131da g\u00f6rebileceksiniz.[\/vc_column_text]<div class=\"clearboth\"><\/div><div class=\"gem-divider \" style=\"margin-top: 60px;\"><\/div>[vc_column_text css_animation=&#8221;bottom-to-top&#8221; css=&#8221;.vc_custom_1572007021302{padding-top: 55px !important;}&#8221;]<\/p>\n<div class=\"title-h6\">En \u00e7ok merak edilen tedavi y\u00f6ntemleri?<\/div>\n<p>[\/vc_column_text][vc_progress_bar values=&#8221;%5B%7B%22label%22%3A%22Di%C5%9F%20Beyazlatma%20%2050%25%22%2C%22value%22%3A%2250%22%2C%22color%22%3A%22custom%22%2C%22customcolor%22%3A%22%230097d6%22%2C%22customtxtcolor%22%3A%22%23202020%22%7D%2C%7B%22label%22%3A%22Porselen%20Kaplama%2026%25%22%2C%22value%22%3A%2226%22%2C%22color%22%3A%22custom%22%2C%22customcolor%22%3A%22%230097d6%22%7D%2C%7B%22label%22%3A%22%C4%B0mplant%20%2024%25%22%2C%22value%22%3A%2224%22%2C%22color%22%3A%22custom%22%2C%22customcolor%22%3A%22%230097d6%22%7D%5D&#8221; bgcolor=&#8221;custom&#8221; options=&#8221;striped&#8221; custombgcolor=&#8221;#e67817&#8243; customtxtcolor=&#8221;#202020&#8243; el_class=&#8221;freight&#8221;][\/vc_column][\/vc_row][vc_row full_width=&#8221;stretch_row&#8221; css=&#8221;.vc_custom_1572253501434{background-color: #e67817 !important;}&#8221;][vc_column]<div class=\"gem-textbox\" ><div class=\"gem-textbox-inner\" style=\"\"><div class=\"gem-textbox-content\" style=\"background-repeat: no-repeat; background-size: cover;background-position: center top;\"><div class=\"gem-alert-box\"><div class=\"gem-alert-inner\"><div class=\"gem-alert-box-picture\"><div class=\"gem-icon gem-icon-pack-material gem-icon-size-small  gem-icon-shape-square gem-simple-icon\" style=\"opacity: 1;\"><div class=\"gem-icon-inner\" style=\"\"><span class=\"gem-icon-half-1\" style=\"\"><span class=\"back-angle\">&#xf287;<\/span><\/span><span class=\"gem-icon-half-2\" style=\"\"><span class=\"back-angle\">&#xf287;<\/span><\/span><\/div><\/div><\/div><div class=\"gem-alert-box-content\">[vc_column_text]<\/p>\n<h5><span style=\"color: #ffffff;\">Hala akl\u0131n\u0131zda tak\u0131lan sorular varsa bize sorabilirsiniz.<\/span><\/h5>\n<p>[\/vc_column_text]<\/div><div class=\"gem-alert-box-buttons\"><div class=\"gem-button-container gem-button-position-center\"><a title=\"Doktora Soru Sor\" class=\"gem-button gem-button-size-medium gem-button-style-flat gem-button-text-weight-normal\" style=\"border-radius: 3px;background-color: #ffffff;color: #e67817;\" onmouseleave=\"this.style.backgroundColor='#ffffff';this.style.color='#e67817';\" onmouseenter=\"this.style.backgroundColor='#1fe05f';this.style.color='#ffffff';\" href=\"http:\/\/bursa-dis.com\/soru-sor\/\" target=\"_self\">Soru Sor<\/a><\/div> <\/div><\/div><\/div><\/div><\/div><\/div>[\/vc_column][\/vc_row]<\/p>\n","protected":false},"excerpt":{"rendered":"<p>[vc_row css=&#8221;.vc_custom_1553175862667{margin-bottom: 30px !important;}&#8221;][vc_column width=&#8221;2\/3&#8243;][vc_tta_accordion style=&#8221;simple_solid&#8221; active_section=&#8221;1&#8243;][vc_tta_section title=&#8221;Di\u015fler neden sarar\u0131r?&#8221; tab_id=&#8221;disler-neden-sararir&#8221;][vc_column_text] Bazen di\u015flerimize \u00f6zen g\u00f6stermemize&#8230;<\/p>\n","protected":false},"author":1,"featured_media":0,"parent":0,"menu_order":0,"comment_status":"closed","ping_status":"closed","template":"","meta":{"footnotes":""},"class_list":["post-32385","page","type-page","status-publish"],"_links":{"self":[{"href":"https:\/\/bursa-dis.com\/index.php?rest_route=\/wp\/v2\/pages\/32385","targetHints":{"allow":["GET"]}}],"collection":[{"href":"https:\/\/bursa-dis.com\/index.php?rest_route=\/wp\/v2\/pages"}],"about":[{"href":"https:\/\/bursa-dis.com\/index.php?rest_route=\/wp\/v2\/types\/page"}],"author":[{"embeddable":true,"href":"https:\/\/bursa-dis.com\/index.php?rest_route=\/wp\/v2\/users\/1"}],"replies":[{"embeddable":true,"href":"https:\/\/bursa-dis.com\/index.php?rest_route=%2Fwp%2Fv2%2Fcomments&post=32385"}],"version-history":[{"count":9,"href":"https:\/\/bursa-dis.com\/index.php?rest_route=\/wp\/v2\/pages\/32385\/revisions"}],"predecessor-version":[{"id":33226,"href":"https:\/\/bursa-dis.com\/index.php?rest_route=\/wp\/v2\/pages\/32385\/revisions\/33226"}],"wp:attachment":[{"href":"https:\/\/bursa-dis.com\/index.php?rest_route=%2Fwp%2Fv2%2Fmedia&parent=32385"}],"curies":[{"name":"wp","href":"https:\/\/api.w.org\/{rel}","templated":true}]}}