{"id":18,"date":"2018-12-11T06:33:34","date_gmt":"2018-12-11T06:33:34","guid":{"rendered":"http:\/\/democontent.codex-themes.com\/sites\/logistic-transport\/?page_id=18"},"modified":"2019-10-28T10:50:40","modified_gmt":"2019-10-28T10:50:40","slug":"hakkimizda","status":"publish","type":"page","link":"https:\/\/bursa-dis.com\/?page_id=18","title":{"rendered":"Hakk\u0131m\u0131zda"},"content":{"rendered":"<p>[vc_row equal_height=&#8221;yes&#8221;][vc_column width=&#8221;1\/2&#8243;][vc_text_separator title=&#8221;BURSA D\u0130\u015e&#8221; title_align=&#8221;separator_align_left&#8221; align=&#8221;align_left&#8221; color=&#8221;orange&#8221; border_width=&#8221;4&#8243; el_width=&#8221;60&#8243;][vc_column_text]<\/p>\n<div class=\"wpb_text_column wpb_content_element \">\n<div class=\"wpb_wrapper\">\n<div class=\"left\">\n<div class=\"hakkimizdaCont\">\n<p>\u00d6zel Bursa A\u011f\u0131z ve Di\u015f Sa\u011fl\u0131\u011f\u0131 Poliklini\u011fi ; kaliteli , g\u00fcvenilir ve hijyenik \u015fartlarda hizmet vermek amac\u0131 ile 2012 y\u0131l\u0131nda siz de\u011ferli hastalar\u0131m\u0131z\u0131n hizmetine a\u00e7\u0131lm\u0131\u015ft\u0131r. Hasta memnuniyeti, kar\u015f\u0131l\u0131kl\u0131 anlay\u0131\u015f ve g\u00fcven ile daha g\u00fczel bir gelece\u011fe hep birlikte gidece\u011fiz.<\/p>\n<p>Siz de\u011ferli hastalar\u0131m\u0131za kaliteli ve g\u00fcvenilir hizmet veren , ko\u015fulsuz m\u00fc\u015fteri memnuniyeti ilkesine dayal\u0131 olarak \u00e7al\u0131\u015fan ,kendi alan\u0131nda tercih edilen itibarl\u0131 bir kurum olmakt\u0131r.<\/p>\n<p>A\u011f\u0131z ve di\u015f sa\u011fl\u0131\u011f\u0131nda kullan\u0131lan yeni teknolojilerin geli\u015fimleri taraf\u0131m\u0131zdan takip edilerek, konusunda uzman ekip ve son sistem ekipmanlar\u0131m\u0131zla sizlere en iyi \u015fekilde hizmet sunabilmeyi ama\u00e7l\u0131yoruz.<\/p>\n<\/div>\n<\/div>\n<\/div>\n<\/div>\n<p>[\/vc_column_text][\/vc_column][vc_column css_animation=&#8221;fadeIn&#8221; width=&#8221;1\/2&#8243; css=&#8221;.vc_custom_1550402874611{padding-top: 0px !important;background-position: center !important;background-repeat: no-repeat !important;background-size: cover !important;}&#8221;][vc_single_image image=&#8221;32518&#8243; img_size=&#8221;full&#8221;][\/vc_column][\/vc_row][vc_row full_width=&#8221;stretch_row&#8221; equal_height=&#8221;yes&#8221; css=&#8221;.vc_custom_1571789210564{margin-top: 20px !important;margin-bottom: 50px !important;}&#8221;][vc_column css_animation=&#8221;fadeIn&#8221; width=&#8221;1\/2&#8243; css=&#8221;.vc_custom_1550402513882{padding-top: 0px !important;background-position: center !important;background-repeat: no-repeat !important;background-size: cover !important;}&#8221;]<div class=\"clearboth\"><\/div><div class=\"gem-divider divider-hidden\" style=\"margin-top: 100px;\"><\/div>[vc_single_image image=&#8221;32521&#8243; img_size=&#8221;full&#8221;]<div class=\"clearboth\"><\/div><div class=\"gem-divider divider-hidden\" style=\"margin-top: 100px;\"><\/div>[\/vc_column][vc_column width=&#8221;1\/2&#8243;]<div class=\"clearboth\"><\/div><div class=\"gem-divider divider-hidden\" style=\"margin-top: 80px;\"><\/div>[vc_column_text css=&#8221;.vc_custom_1571788301049{margin-top: -10px !important;padding-top: 20px !important;}&#8221;]<\/p>\n<div class=\"styled-subtitle\">Sizlere daha iyi hizmet verebilmek i\u00e7in her ge\u00e7en g\u00fcn klini\u011fimizi ve kendimizi ile geli\u015ftirmekteyiz. Bu do\u011frultuda;<\/div>\n<p>[\/vc_column_text][vc_tta_accordion style=&#8221;simple_solid&#8221; shape=&#8221;square&#8221; c_icon=&#8221;solid_squared&#8221; active_section=&#8221;2&#8243; no_fill=&#8221;true&#8221; collapsible_all=&#8221;true&#8221;][vc_tta_section title=&#8221;Vizyonumuz&#8221; tab_id=&#8221;vizyonumuz&#8221;][vc_column_text css=&#8221;.vc_custom_1572252324345{margin-bottom: 0px !important;}&#8221;]Sizlere daha iyi hizmet verebilmek i\u00e7in alan\u0131nda uzman, yenilikleri takip eden uzman hekimler ile birlikte \u00e7al\u0131\u015fmaktay\u0131z. Mutlu hasta, mutlu hekim prensibi ile her ge\u00e7en g\u00fcn edindi\u011fimiz deneyimleri siz de\u011ferli hastalar\u0131m\u0131zla payla\u015fmaktan dolay\u0131 mutluyuz.[\/vc_column_text][\/vc_tta_section][vc_tta_section title=&#8221;Misyonumuz&#8221; tab_id=&#8221;misyonumuz&#8221;][vc_column_text css=&#8221;.vc_custom_1572252337441{margin-bottom: 0px !important;}&#8221;]Sizlere daha iyi hizmet verebilmek i\u00e7in her ge\u00e7en g\u00fcn klini\u011fimizi son teknoloji donan\u0131mlar ile geli\u015ftirmekteyiz. G\u00fclery\u00fczl\u00fc personel, \u00fcst\u00fcn hizmet anlay\u0131\u015f\u0131m\u0131z ile sizlere hizmet vermekten mutluluk duyar\u0131z.[\/vc_column_text][\/vc_tta_section][\/vc_tta_accordion]<div class=\"clearboth\"><\/div><div class=\"gem-divider divider-hidden\" style=\"margin-top: 100px;\"><\/div>[\/vc_column][\/vc_row][vc_row][vc_column]<div id=\"fullwidth-block-6a05961ec763a\" class=\"fullwidth-block clearfix\"  style=\"background-color: #252432;padding-top: 120px;padding-bottom: 90px;\"><script type=\"text\/javascript\">if (typeof(gem_fix_fullwidth_position) == \"function\") { gem_fix_fullwidth_position(document.getElementById(\"fullwidth-block-6a05961ec763a\")); }<\/script><div class=\"fullwidth-block-inner\"><div class=\"container\">[vc_row_inner][vc_column_inner width=&#8221;1\/3&#8243; css=&#8221;.vc_custom_1544625039867{padding-top: 0px !important;}&#8221;][vc_column_text]<\/p>\n<div class=\"title-xlarge\"><span style=\"color: #ff973d; font-size: 70px; line-height: 70px; padding-right: 25px; display: inline-block; width: 144px;\">01.<\/span><span class=\"title-h5\" style=\"display: inline-block; height: 50px; width: 215px; line-height: 35px; color: #fff;\">\u00dccretsiz Muayene<\/span><\/div>\n<p>[\/vc_column_text][\/vc_column_inner][vc_column_inner width=&#8221;1\/3&#8243; css=&#8221;.vc_custom_1544625177537{padding-top: 0px !important;}&#8221;][vc_column_text]<\/p>\n<div class=\"title-xlarge\"><span style=\"color: #ff973d; font-size: 70px; line-height: 70px; padding-right: 25px; display: inline-block; width: 144px;\">02.<\/span><span class=\"title-h5\" style=\"display: inline-block; height: 50px; width: 215px; line-height: 35px; color: #fff;\">Do\u011fru<br \/>\nTedavi<\/span><\/div>\n<p>[\/vc_column_text][\/vc_column_inner][vc_column_inner width=&#8221;1\/3&#8243; css=&#8221;.vc_custom_1544625188723{padding-top: 0px !important;}&#8221;][vc_column_text]<\/p>\n<div class=\"title-xlarge\"><span style=\"color: #ff973d; font-size: 70px; line-height: 70px; padding-right: 25px; display: inline-block; width: 144px;\">03.<\/span><span class=\"title-h5\" style=\"display: inline-block; height: 50px; width: 215px; line-height: 35px; color: #fff;\">Uygun<br \/>\nFiyat<\/span><\/div>\n<p>[\/vc_column_text][\/vc_column_inner][\/vc_row_inner]<\/div><\/div><div class=\"fullwidth-bottom-marker marker-direction-outside\"><svg width=\"140\" height=\"70\" style=\"fill: #252432\"><path d=\"M 0,0 Q 65,5 70,70 Q 75,5 140,0\" \/><\/svg><\/div><\/div>[\/vc_column][\/vc_row][vc_row css=&#8221;.vc_custom_1553263792928{margin-top: 100px !important;margin-bottom: 20px !important;}&#8221;][vc_column el_class=&#8221;custom-counter&#8221;]<div data-number-format=\"(ddd).ddd\" class=\"gem-counter-box row inline-row inline-row-center gem-counter-style-1 lazy-loading lazy-loading-not-hide\" data-ll-item-delay=\"0\"><div class=\"gem-counter col-md-4 col-sm-6 col-xs-12 inline-column gem-counter-effect-simple\"><div class=\"gem-counter-inner\"><div class=\"gem-counter-icon\"><div class=\"gem-icon gem-icon-pack-material gem-icon-size-xlarge  gem-icon-shape-square gem-simple-icon\" style=\"opacity: 1;\"><div class=\"gem-icon-inner\" style=\"\"><span class=\"gem-icon-half-1\" style=\"color: #ff973d;\"><span class=\"back-angle\">&#xf57f;<\/span><\/span><span class=\"gem-icon-half-2\" style=\"color: #ff973d;\"><span class=\"back-angle\">&#xf57f;<\/span><\/span><\/div><\/div><\/div><div class=\"gem-counter-number\"><div class=\"gem-counter-odometer\" data-to=\"25\">0<\/div><\/div><\/div><\/div><\/div>[vc_column_text css=&#8221;.vc_custom_1571788837447{margin-top: -50px !important;}&#8221;]<\/p>\n<div class=\"title-h5\" style=\"text-align: center;\">YILLIK TECR\u00dcBE<\/div>\n<p>[\/vc_column_text]<div class=\"clearboth\"><\/div><div class=\"gem-divider divider-hidden\" style=\"margin-top: 100px;\"><\/div>[\/vc_column][\/vc_row][vc_row full_width=&#8221;stretch_row_content_no_spaces&#8221; equal_height=&#8221;yes&#8221; css=&#8221;.vc_custom_1544850076148{margin-top: 0px !important;margin-right: 0px !important;margin-bottom: 0px !important;margin-left: 0px !important;padding-top: 0px !important;padding-right: 0px !important;padding-bottom: 0px !important;padding-left: 0px !important;}&#8221; el_id=&#8221;about_testimonialbox&#8221;][vc_column width=&#8221;1\/2&#8243; css=&#8221;.vc_custom_1571789243448{background-image: url(http:\/\/bursa-dis.com\/wp-content\/uploads\/2019\/10\/ana-mus.jpg?id=32501) !important;background-position: center !important;background-repeat: no-repeat !important;background-size: cover !important;}&#8221; offset=&#8221;vc_hidden-xs&#8221;][\/vc_column][vc_column width=&#8221;1\/2&#8243; css=&#8221;.vc_custom_1571818440416{background-color: #ff973d !important;}&#8221;]<div class=\"clearboth\"><\/div><div class=\"gem-divider divider-hidden\" style=\"margin-top: 145px;\"><\/div><div class=\"preloader\"><div class=\"preloader-spin\"><\/div><\/div><div class=\"size-medium style1 gem-testimonials\" style=background-color:> <div id=\"post-152\" class=\"gem-testimonial-item post-152 thegem_testimonial type-thegem_testimonial status-publish\"> <div class=\"gem-testimonial-wrapper quote-color-added \"> <div class=\"gem-testimonial-image\"> <\/div> <div class=\"gem-testimonial-content\"> <div class=\"gem-testimonial-name\" style=\"color: #ffffff\">Hatice Erba\u015f<\/div> <div class=\"gem-testimonial-position\" style=\"color: #d8cccc\">Hasta<\/div> <div class=\"gem-testimonial-text\" style=\"color: #ffffff\"> <p><span style=\"color: #ffffff;\">Buraya gelmeden bir\u00e7ok yerde tedavi g\u00f6rmeme ra\u011fmen a\u011fr\u0131lar\u0131m ve s\u0131k\u0131nt\u0131lar\u0131m ge\u00e7mek bilmedi.<\/span><br \/>\n<span style=\"color: #ffffff;\">Ancak Bursa Di\u015f Merkezinde do\u011fru te\u015fhis ile tedavimi \u00e7ok h\u0131zl\u0131 ve do\u011fru bir \u015fekilde tamamlad\u0131m.<\/span><\/p> <\/div> <\/div> <span style=\"color: #e8667c \" class=\"custom-color-blockqute-mark\">&#xe60c;<\/span> <\/div> <\/div> <div id=\"post-163\" class=\"gem-testimonial-item post-163 thegem_testimonial type-thegem_testimonial status-publish\"> <div class=\"gem-testimonial-wrapper quote-color-added \"> <div class=\"gem-testimonial-image\"> <\/div> <div class=\"gem-testimonial-content\"> <div class=\"gem-testimonial-name\" style=\"color: #ffffff\">Ahmet K\u00f6se<\/div> <div class=\"gem-testimonial-position\" style=\"color: #d8cccc\">Hasta<\/div> <div class=\"gem-testimonial-text\" style=\"color: #ffffff\"> <p><span style=\"color: #ffffff;\">Zaman\u0131nda di\u015flerimi \u00e7ok ihmal etti\u011fim i\u00e7in ciddi sa\u011fl\u0131k sorunlar\u0131 ya\u015fad\u0131m.Ancak Bursa Di\u015f Merkezi sayesinde sa\u011fl\u0131\u011f\u0131ma yeniden kavu\u015ftum.<\/span><\/p> <\/div> <\/div> <span style=\"color: #e8667c \" class=\"custom-color-blockqute-mark\">&#xe60c;<\/span> <\/div> <\/div> <div id=\"post-164\" class=\"gem-testimonial-item post-164 thegem_testimonial type-thegem_testimonial status-publish\"> <div class=\"gem-testimonial-wrapper quote-color-added \"> <div class=\"gem-testimonial-image\"> <\/div> <div class=\"gem-testimonial-content\"> <div class=\"gem-testimonial-name\" style=\"color: #ffffff\">Buse Karag\u00f6z<\/div> <div class=\"gem-testimonial-position\" style=\"color: #d8cccc\">Hasta<\/div> <div class=\"gem-testimonial-text\" style=\"color: #ffffff\"> <p><span style=\"color: #ffffff;\">Di\u015f beyazlatma i\u015flemi yapt\u0131rmak istiyordum ancak baz\u0131 endi\u015felerim vard\u0131.Ancak Bursa Di\u015f Merkezi bu konudaki tecr\u00fcbesi ve bana verdikleri g\u00fcven sayesinde \u015fu an inan\u0131lmaz g\u00fczel bir g\u00fcl\u00fc\u015fe sahibim.<\/span><\/p> <\/div> <\/div> <span style=\"color: #e8667c \" class=\"custom-color-blockqute-mark\">&#xe60c;<\/span> <\/div> <\/div> <div class=\"testimonials_svg\"><svg style=\"fill: \" width=\"100\" height=\"50\"><path d=\"M 0,-1 Q 45,5 50,50 Q 55,5 100,-1\" \/><\/svg><\/div><\/div><div class=\"clearboth\"><\/div><div class=\"gem-divider divider-hidden\" style=\"margin-bottom: 150px;\"><\/div>[\/vc_column][vc_column][\/vc_column][\/vc_row][vc_row full_width=&#8221;stretch_row&#8221; css=&#8221;.vc_custom_1571832139135{margin-bottom: 0px !important;padding-bottom: 0px !important;background-image: url(http:\/\/bursa-dis.com\/wp-content\/uploads\/2019\/10\/mavi.jpg?id=32572) !important;background-position: center !important;background-repeat: no-repeat !important;background-size: cover !important;}&#8221; el_class=&#8221;plane-form&#8221;][vc_column css=&#8221;.vc_custom_1571832130417{padding-top: 0px !important;}&#8221;]<div class=\"clearboth\"><\/div><div class=\"gem-divider divider-hidden\" style=\"margin-top: 77px;\"><\/div>[vc_column_text css_animation=&#8221;bottom-to-top&#8221; css=&#8221;.vc_custom_1571833933845{margin-top: 40px !important;}&#8221;]<\/p>\n<h4 style=\"text-align: center;\"><span style=\"color: #ffffff;\">Sitemizden Hemen online randevu alabilirsiniz.<\/span><\/h4>\n<p>[\/vc_column_text][vc_column_text css_animation=&#8221;bottom-to-top&#8221; css=&#8221;.vc_custom_1571784995150{margin-top: -5px !important;margin-bottom: 0px !important;padding-bottom: 40px !important;}&#8221;]<\/p>\n<h1 style=\"text-align: center; padding-bottom: 40px;\"><span style=\"color: #ffffff;\">online randevu<\/span><\/h1>\n<p>[\/vc_column_text]<div class=\"clearboth\"><\/div><div class=\"gem-divider divider-hidden\" style=\"margin-top: 40px;\"><\/div><div role=\"form\" class=\"wpcf7\" id=\"wpcf7-f32792-o1\" lang=\"tr-TR\" dir=\"ltr\">\n<div class=\"screen-reader-response\"><\/div>\n<form action=\"\/index.php?rest_route=%2Fwp%2Fv2%2Fpages%2F18#wpcf7-f32792-o1\" method=\"post\" class=\"wpcf7-form gem-contact-form-white\" novalidate=\"novalidate\">\n<div style=\"display: none;\">\n<input type=\"hidden\" name=\"_wpcf7\" value=\"32792\" \/>\n<input type=\"hidden\" name=\"_wpcf7_version\" value=\"5.1.6\" \/>\n<input type=\"hidden\" name=\"_wpcf7_locale\" value=\"tr_TR\" \/>\n<input type=\"hidden\" name=\"_wpcf7_unit_tag\" value=\"wpcf7-f32792-o1\" \/>\n<input type=\"hidden\" name=\"_wpcf7_container_post\" value=\"0\" \/>\n<\/div>\n<div class=\"row anaformrow\">\n<div class=\"col-lg-6 col-md-6\">\n<div class=\"form-group form_icon user mtc_b\">\n               <span class=\"wpcf7-form-control-wrap isim\"><input type=\"text\" name=\"isim\" value=\"\" size=\"40\" class=\"wpcf7-form-control wpcf7-text wpcf7-validates-as-required\" aria-required=\"true\" aria-invalid=\"false\" placeholder=\"\u0130sim*\" \/><\/span>\n            <\/div>\n<div class=\"form-group form_icon dial_pad mtc_b\">\n               <span class=\"wpcf7-form-control-wrap Telefon\"><input type=\"tel\" name=\"Telefon\" value=\"\" size=\"40\" class=\"wpcf7-form-control wpcf7-text wpcf7-tel wpcf7-validates-as-required wpcf7-validates-as-tel\" aria-required=\"true\" aria-invalid=\"false\" placeholder=\"Telefon*\" \/><\/span>\n            <\/div>\n<div class=\"form-group form_icon dial_pad mtc_b\">\n<span class=\"wpcf7-form-control-wrap rantarih\"><input type=\"date\" name=\"rantarih\" value=\"Tarih*\" class=\"wpcf7-form-control wpcf7-date wpcf7-validates-as-required wpcf7-validates-as-date\" min=\"2019-10-25\" aria-required=\"true\" aria-invalid=\"false\" \/><\/span>\n            <\/div><\/div>\n<div class=\"col-lg-6 col-md-6\">\n<div class=\"form-group form_icon user mtc_b\">\n               <span class=\"wpcf7-form-control-wrap Soyisim\"><input type=\"text\" name=\"Soyisim\" value=\"\" size=\"40\" class=\"wpcf7-form-control wpcf7-text\" aria-invalid=\"false\" placeholder=\"Soyisim\" \/><\/span>\n            <\/div>\n<div class=\"form-group form_icon mail mtc_b\">\n               <span class=\"wpcf7-form-control-wrap Posta\"><input type=\"email\" name=\"Posta\" value=\"\" size=\"40\" class=\"wpcf7-form-control wpcf7-text wpcf7-email wpcf7-validates-as-required wpcf7-validates-as-email\" aria-required=\"true\" aria-invalid=\"false\" placeholder=\"E-Posta*\" \/><\/span>\n            <\/div>\n<div class=\"form-group form_icon mail mtc_b\">\n<span class=\"wpcf7-form-control-wrap saat\"><select name=\"saat\" class=\"wpcf7-form-control wpcf7-select wpcf7-validates-as-required ayarver\" aria-required=\"true\" aria-invalid=\"false\"><option value=\"09:00\">09:00<\/option><option value=\"10:00\">10:00<\/option><option value=\"11:00\">11:00<\/option><option value=\"12:00\">12:00<\/option><option value=\"13:00\">13:00<\/option><option value=\"14:00\">14:00<\/option><option value=\"15:00\">15:00<\/option><option value=\"16:00\">16:00<\/option><option value=\"17:00\">17:00<\/option><option value=\"18:00\">18:00<\/option><\/select><\/span>   <\/div><\/div>\n<\/div>\n<p class=\"mesalan\">Mesaj\u0131n\u0131z <span class=\"wpcf7-form-control-wrap mesaj\"><textarea name=\"mesaj\" cols=\"40\" rows=\"10\" class=\"wpcf7-form-control wpcf7-textarea\" aria-invalid=\"false\"><\/textarea><\/span> <\/p>\n<p class=\"anaform\">Soru* <span class=\"wpcf7-form-control-wrap quiz-3\"><label><span class=\"wpcf7-quiz-label\">2+4=?<\/span> <input type=\"text\" name=\"quiz-3\" size=\"40\" class=\"wpcf7-form-control wpcf7-quiz\" autocomplete=\"off\" aria-required=\"true\" aria-invalid=\"false\" \/><\/label><input type=\"hidden\" name=\"_wpcf7_quiz_answer_quiz-3\" value=\"74c0c620cc16640aba22b7900e3f77e4\" \/><\/span> <\/p>\n<div class=\"gem-button-container gem-button-position-center\"><input class=\"gem-button gem-button-size-medium gem-button-style-outline gem-button-text-weight-normal gem-button-border-3 wpcf7-form-control wpcf7-submit anarand gem-button-wpcf-custom\" style=\"border-radius: 3px;border-color: #e77817;color: #e77817;\" onmouseleave=\"this.style.borderColor='#e77817';this.style.backgroundColor='transparent';this.style.color='#e77817';\" onmouseenter=\"this.style.backgroundColor='#e77817';this.style.color='#fff';\" id=\"\" tabindex=\"\" type=\"submit\" value=\"Randevu Al\" \/><\/div>\n<div class=\"wpcf7-response-output wpcf7-display-none\"><\/div><\/form><\/div><div class=\"clearboth\"><\/div><div class=\"gem-divider divider-hidden\" style=\"margin-top: 95px;\"><\/div>[\/vc_column][\/vc_row]<\/p>\n","protected":false},"excerpt":{"rendered":"<p>[vc_row equal_height=&#8221;yes&#8221;][vc_column width=&#8221;1\/2&#8243;][vc_text_separator title=&#8221;BURSA D\u0130\u015e&#8221; title_align=&#8221;separator_align_left&#8221; align=&#8221;align_left&#8221; color=&#8221;orange&#8221; border_width=&#8221;4&#8243; el_width=&#8221;60&#8243;][vc_column_text] \u00d6zel Bursa A\u011f\u0131z ve Di\u015f&#8230;<\/p>\n","protected":false},"author":1,"featured_media":0,"parent":0,"menu_order":0,"comment_status":"closed","ping_status":"closed","template":"","meta":{"footnotes":""},"class_list":["post-18","page","type-page","status-publish"],"_links":{"self":[{"href":"https:\/\/bursa-dis.com\/index.php?rest_route=\/wp\/v2\/pages\/18","targetHints":{"allow":["GET"]}}],"collection":[{"href":"https:\/\/bursa-dis.com\/index.php?rest_route=\/wp\/v2\/pages"}],"about":[{"href":"https:\/\/bursa-dis.com\/index.php?rest_route=\/wp\/v2\/types\/page"}],"author":[{"embeddable":true,"href":"https:\/\/bursa-dis.com\/index.php?rest_route=\/wp\/v2\/users\/1"}],"replies":[{"embeddable":true,"href":"https:\/\/bursa-dis.com\/index.php?rest_route=%2Fwp%2Fv2%2Fcomments&post=18"}],"version-history":[{"count":14,"href":"https:\/\/bursa-dis.com\/index.php?rest_route=\/wp\/v2\/pages\/18\/revisions"}],"predecessor-version":[{"id":33270,"href":"https:\/\/bursa-dis.com\/index.php?rest_route=\/wp\/v2\/pages\/18\/revisions\/33270"}],"wp:attachment":[{"href":"https:\/\/bursa-dis.com\/index.php?rest_route=%2Fwp%2Fv2%2Fmedia&parent=18"}],"curies":[{"name":"wp","href":"https:\/\/api.w.org\/{rel}","templated":true}]}}